{"id":8,"date":"2023-08-08T23:49:29","date_gmt":"2023-08-08T23:49:29","guid":{"rendered":"https:\/\/staging.probier.ch\/?page_id=8"},"modified":"2023-08-14T23:18:00","modified_gmt":"2023-08-14T23:18:00","slug":"restaurant-name-vote","status":"publish","type":"page","link":"https:\/\/staging.probier.ch\/index.php\/restaurant-name-vote\/","title":{"rendered":"Restaurant Name Vote"},"content":{"rendered":"\n<p>Es k\u00f6nnen mehrere gew\u00e4hlt werden. Am Ende sehen wir was am Meisten gew\u00e4hlt wurde.<\/p>\n\n\n\n<figure class=\"wp-block-embed alignwide is-type-rich is-provider-crowdsignal wp-block-embed-crowdsignal\"><div class=\"wp-block-embed__wrapper\">\n<div class=\"pd-embed\" data-settings=\"{&quot;type&quot;:&quot;iframe&quot;,&quot;auto&quot;:true,&quot;domain&quot;:&quot;mforster5909.survey.fm&quot;,&quot;id&quot;:&quot;restaurant-namen&quot;,&quot;single_mode&quot;:false,&quot;placeholder&quot;:&quot;pd_1745967488&quot;}\"><\/div><script type=\"text\/javascript\">(function(d,c,j){if(!document.getElementById(j)){var pd=d.createElement(c),s;pd.id=j;pd.src='https:\/\/app.crowdsignal.com\/survey.js';s=document.getElementsByTagName(c)[0];s.parentNode.insertBefore(pd,s);}}(document,'script','pd-embed'));<\/script>\n<\/div><\/figure>\n","protected":false},"excerpt":{"rendered":"<p>Es k\u00f6nnen mehrere gew\u00e4hlt werden. Am Ende sehen wir was am Meisten gew\u00e4hlt wurde.<\/p>\n","protected":false},"author":1,"featured_media":0,"parent":0,"menu_order":0,"comment_status":"closed","ping_status":"closed","template":"","meta":{"footnotes":""},"class_list":["post-8","page","type-page","status-publish","hentry"],"_links":{"self":[{"href":"https:\/\/staging.probier.ch\/index.php\/wp-json\/wp\/v2\/pages\/8","targetHints":{"allow":["GET"]}}],"collection":[{"href":"https:\/\/staging.probier.ch\/index.php\/wp-json\/wp\/v2\/pages"}],"about":[{"href":"https:\/\/staging.probier.ch\/index.php\/wp-json\/wp\/v2\/types\/page"}],"author":[{"embeddable":true,"href":"https:\/\/staging.probier.ch\/index.php\/wp-json\/wp\/v2\/users\/1"}],"replies":[{"embeddable":true,"href":"https:\/\/staging.probier.ch\/index.php\/wp-json\/wp\/v2\/comments?post=8"}],"version-history":[{"count":3,"href":"https:\/\/staging.probier.ch\/index.php\/wp-json\/wp\/v2\/pages\/8\/revisions"}],"predecessor-version":[{"id":22,"href":"https:\/\/staging.probier.ch\/index.php\/wp-json\/wp\/v2\/pages\/8\/revisions\/22"}],"wp:attachment":[{"href":"https:\/\/staging.probier.ch\/index.php\/wp-json\/wp\/v2\/media?parent=8"}],"curies":[{"name":"wp","href":"https:\/\/api.w.org\/{rel}","templated":true}]}}